{"id":211,"date":"2013-10-10T13:38:35","date_gmt":"2013-10-10T13:38:35","guid":{"rendered":"http:\/\/college-stjoseph-plf.org\/?page_id=211"},"modified":"2025-11-20T14:21:06","modified_gmt":"2025-11-20T14:21:06","slug":"options-et-ateliers","status":"publish","type":"page","link":"https:\/\/college-stjoseph-plf.org\/?page_id=211","title":{"rendered":"Options et ateliers"},"content":{"rendered":"\n<p><strong><span style=\"color: #ff6600;\">Les options<\/span><\/strong><\/p>\n\n\n\n<p><\/p>\n\n\n\n<ul class=\"wp-block-list\">\n<li><span style=\"line-height: 15px;\"><span style=\"color: #808080;\"><strong>l&rsquo;option APPN<\/strong><\/span>\u00a0<\/span>en 4\u00e8me<\/li>\n<\/ul>\n\n\n\n<p>Les \u00e9l\u00e8ves de l&rsquo;option APPN sont encadr\u00e9s par M. RUAULT .<\/p>\n\n\n\n<p>Plusieurs sports sont propos\u00e9s tout au long de l&rsquo;ann\u00e9e : VTT &#8211; ESCALADE &#8211; BADMINTON<\/p>\n\n\n\n<p>Outre l&rsquo;activit\u00e9 physique (2 heures de sortie tous les 15 jours), les \u00e9l\u00e8ves travaillent en classe sur des mati\u00e8res enseign\u00e9es au coll\u00e8ge, mais de mani\u00e8re plus concr\u00e8te : pr\u00e9paration \u00e0 l&rsquo;Attestation Scolaire de S\u00e9curit\u00e9 Routi\u00e8re (Enseignement Moral et Civique), \u00e9tude des cartes topographiques (G\u00e9ographie), calculs de vitesses et distances (Math\u00e9matiques), apprentissage des diff\u00e9rents \u00e9l\u00e9ments du v\u00e9lo et de son entretien (Technologie), etc.<\/p>\n\n\n\n<figure class=\"wp-block-gallery has-nested-images columns-3 is-cropped wp-block-gallery-1 is-layout-flex wp-block-gallery-is-layout-flex\">\n<figure class=\"wp-block-image size-full\"><img loading=\"lazy\" decoding=\"async\" width=\"450\" height=\"600\" data-id=\"2999\" src=\"https:\/\/college-stjoseph-plf.org\/wp-content\/uploads\/2025\/01\/Sortie-Escalade-St-Malo.jpg\" alt=\"\" class=\"wp-image-2999\" srcset=\"https:\/\/college-stjoseph-plf.org\/wp-content\/uploads\/2025\/01\/Sortie-Escalade-St-Malo.jpg 450w, https:\/\/college-stjoseph-plf.org\/wp-content\/uploads\/2025\/01\/Sortie-Escalade-St-Malo-225x300.jpg 225w\" sizes=\"auto, (max-width: 450px) 100vw, 450px\" \/><figcaption class=\"wp-element-caption\">ESCALADE 4\u00e8me<\/figcaption><\/figure>\n\n\n\n<figure class=\"wp-block-image size-large\"><img loading=\"lazy\" decoding=\"async\" width=\"1024\" height=\"768\" data-id=\"3048\" src=\"https:\/\/college-stjoseph-plf.org\/wp-content\/uploads\/2025\/11\/APPN-2024-2025-1024x768.jpg\" alt=\"\" class=\"wp-image-3048\" srcset=\"https:\/\/college-stjoseph-plf.org\/wp-content\/uploads\/2025\/11\/APPN-2024-2025-1024x768.jpg 1024w, https:\/\/college-stjoseph-plf.org\/wp-content\/uploads\/2025\/11\/APPN-2024-2025-300x225.jpg 300w, https:\/\/college-stjoseph-plf.org\/wp-content\/uploads\/2025\/11\/APPN-2024-2025-768x576.jpg 768w, https:\/\/college-stjoseph-plf.org\/wp-content\/uploads\/2025\/11\/APPN-2024-2025-1536x1152.jpg 1536w, https:\/\/college-stjoseph-plf.org\/wp-content\/uploads\/2025\/11\/APPN-2024-2025.jpg 1600w\" sizes=\"auto, (max-width: 1024px) 100vw, 1024px\" \/><\/figure>\n\n\n\n<figure class=\"wp-block-image size-large\"><img loading=\"lazy\" decoding=\"async\" width=\"768\" height=\"1024\" data-id=\"3049\" src=\"https:\/\/college-stjoseph-plf.org\/wp-content\/uploads\/2025\/11\/APPN-2025-26-3-768x1024.jpg\" alt=\"\" class=\"wp-image-3049\" srcset=\"https:\/\/college-stjoseph-plf.org\/wp-content\/uploads\/2025\/11\/APPN-2025-26-3-768x1024.jpg 768w, https:\/\/college-stjoseph-plf.org\/wp-content\/uploads\/2025\/11\/APPN-2025-26-3-225x300.jpg 225w, https:\/\/college-stjoseph-plf.org\/wp-content\/uploads\/2025\/11\/APPN-2025-26-3-1152x1536.jpg 1152w, https:\/\/college-stjoseph-plf.org\/wp-content\/uploads\/2025\/11\/APPN-2025-26-3.jpg 1200w\" sizes=\"auto, (max-width: 768px) 100vw, 768px\" \/><\/figure>\n\n\n\n<figure class=\"wp-block-image size-large\"><img loading=\"lazy\" decoding=\"async\" width=\"768\" height=\"1024\" data-id=\"3050\" src=\"https:\/\/college-stjoseph-plf.org\/wp-content\/uploads\/2025\/11\/APPN-2025-26-4-768x1024.jpg\" alt=\"\" class=\"wp-image-3050\" srcset=\"https:\/\/college-stjoseph-plf.org\/wp-content\/uploads\/2025\/11\/APPN-2025-26-4-768x1024.jpg 768w, https:\/\/college-stjoseph-plf.org\/wp-content\/uploads\/2025\/11\/APPN-2025-26-4-225x300.jpg 225w, https:\/\/college-stjoseph-plf.org\/wp-content\/uploads\/2025\/11\/APPN-2025-26-4-1152x1536.jpg 1152w, https:\/\/college-stjoseph-plf.org\/wp-content\/uploads\/2025\/11\/APPN-2025-26-4.jpg 1200w\" sizes=\"auto, (max-width: 768px) 100vw, 768px\" \/><\/figure>\n<\/figure>\n\n\n\n<figure class=\"wp-block-gallery has-nested-images columns-3 is-cropped wp-block-gallery-2 is-layout-flex wp-block-gallery-is-layout-flex\">\n<figure class=\"wp-block-image size-large\"><img loading=\"lazy\" decoding=\"async\" width=\"768\" height=\"1024\" data-id=\"3046\" src=\"https:\/\/college-stjoseph-plf.org\/wp-content\/uploads\/2025\/11\/APPN-2025-26-5-768x1024.jpg\" alt=\"\" class=\"wp-image-3046\" srcset=\"https:\/\/college-stjoseph-plf.org\/wp-content\/uploads\/2025\/11\/APPN-2025-26-5-768x1024.jpg 768w, https:\/\/college-stjoseph-plf.org\/wp-content\/uploads\/2025\/11\/APPN-2025-26-5-225x300.jpg 225w, https:\/\/college-stjoseph-plf.org\/wp-content\/uploads\/2025\/11\/APPN-2025-26-5-1152x1536.jpg 1152w, https:\/\/college-stjoseph-plf.org\/wp-content\/uploads\/2025\/11\/APPN-2025-26-5.jpg 1200w\" sizes=\"auto, (max-width: 768px) 100vw, 768px\" \/><\/figure>\n<\/figure>\n\n\n\n<ul class=\"wp-block-list\">\n<li><span style=\"color: #808080;\"><strong>l&rsquo;option orchestre et chorale : <\/strong><span style=\"color: #000000;\">encadr\u00e9e par Mme. Veys<\/span><\/span><\/li>\n\n\n\n<li><strong><span style=\"color: #808080;\">l&rsquo;option<\/span> <span style=\"color: #808080;\">Th\u00e9\u00e2tre<\/span><\/strong> : Mme HILYER propose aux apprentis acteurs une activit\u00e9 polyvalente dont l&rsquo;objectif est de leur permettre de s&rsquo;ouvrir tant au monde du spectacle qu&rsquo;aux autres. <\/li>\n<\/ul>\n\n\n\n<p class=\"has-text-align-center\"><\/p>\n\n\n\n<p><\/p>\n\n\n\n<p><span style=\"color: #ff6600;\"><strong>&nbsp;<\/strong><\/span><\/p>\n","protected":false},"excerpt":{"rendered":"<p>Les options Les \u00e9l\u00e8ves de l&rsquo;option APPN sont encadr\u00e9s par M. RUAULT . Plusieurs sports sont propos\u00e9s tout au long de l&rsquo;ann\u00e9e : VTT &#8211; ESCALADE &#8211; BADMINTON Outre l&rsquo;activit\u00e9 physique (2 heures de sortie tous les 15 jours), les \u00e9l\u00e8ves travaillent en classe sur des mati\u00e8res enseign\u00e9es au coll\u00e8ge, mais de mani\u00e8re plus concr\u00e8te [&hellip;]<\/p>\n","protected":false},"author":2,"featured_media":0,"parent":0,"menu_order":2,"comment_status":"closed","ping_status":"open","template":"","meta":{"footnotes":""},"class_list":["post-211","page","type-page","status-publish","hentry"],"_links":{"self":[{"href":"https:\/\/college-stjoseph-plf.org\/index.php?rest_route=\/wp\/v2\/pages\/211","targetHints":{"allow":["GET"]}}],"collection":[{"href":"https:\/\/college-stjoseph-plf.org\/index.php?rest_route=\/wp\/v2\/pages"}],"about":[{"href":"https:\/\/college-stjoseph-plf.org\/index.php?rest_route=\/wp\/v2\/types\/page"}],"author":[{"embeddable":true,"href":"https:\/\/college-stjoseph-plf.org\/index.php?rest_route=\/wp\/v2\/users\/2"}],"replies":[{"embeddable":true,"href":"https:\/\/college-stjoseph-plf.org\/index.php?rest_route=%2Fwp%2Fv2%2Fcomments&post=211"}],"version-history":[{"count":28,"href":"https:\/\/college-stjoseph-plf.org\/index.php?rest_route=\/wp\/v2\/pages\/211\/revisions"}],"predecessor-version":[{"id":3051,"href":"https:\/\/college-stjoseph-plf.org\/index.php?rest_route=\/wp\/v2\/pages\/211\/revisions\/3051"}],"wp:attachment":[{"href":"https:\/\/college-stjoseph-plf.org\/index.php?rest_route=%2Fwp%2Fv2%2Fmedia&parent=211"}],"curies":[{"name":"wp","href":"https:\/\/api.w.org\/{rel}","templated":true}]}}