{"id":177,"date":"2013-09-16T08:24:03","date_gmt":"2013-09-16T08:24:03","guid":{"rendered":"http:\/\/college-stjoseph-plf.org\/?page_id=177"},"modified":"2023-07-03T09:54:34","modified_gmt":"2023-07-03T09:54:34","slug":"ressources","status":"publish","type":"page","link":"https:\/\/college-stjoseph-plf.org\/?page_id=177","title":{"rendered":"Ressources"},"content":{"rendered":"<p><span style=\"color: #ff6600;\"><strong>G\u00e9n\u00e9ral<\/strong><\/span><\/p>\n<p><a href=\"https:\/\/www.facebook.com\/collegesaintjoplf\" target=\"_blank\" rel=\"noopener noreferrer\">Page Facebook du coll\u00e8ge<\/a><\/p>\n<p>\u00a0<\/p>\n<p><strong><span style=\"color: #ff6600;\">CDI<\/span><\/strong><\/p>\n<p><a href=\"http:\/\/www.netvibes.com\/portailcdiplf#Accueil\" target=\"_blank\" rel=\"noopener noreferrer\">Portail du CDI<\/a><\/p>\n<p><a href=\"http:\/\/www.stjo-pleinefougeres.basecdi.fr\/pmb\/opac_css\/\" target=\"_blank\" rel=\"noopener noreferrer\">PMB<\/a>\u00a0Base de recherche documentaire du CDI<\/p>\n<p>\u00a0<\/p>\n<p><span style=\"color: #ff6600;\"><strong>Orientation<\/strong><\/span><\/p>\n<p><a href=\"https:\/\/drive.google.com\/file\/d\/14dW4eV5xpEap57-5rka-9QcFh11R2QHF\/view?usp=sharing\">La voie professionnelle, une voie vers l&rsquo;excellence<\/a><\/p>\n<p><a href=\"https:\/\/padlet.com\/portailcdiplf\/dnb\" target=\"_blank\" rel=\"noopener noreferrer\">Pour tout savoir sur le DNB et l&rsquo;ann\u00e9e de seconde<\/a><\/p>\n<p>\u00a0<\/p>\n\n\n<p><\/p>\n","protected":false},"excerpt":{"rendered":"<p>G\u00e9n\u00e9ral Page Facebook du coll\u00e8ge \u00a0 CDI Portail du CDI PMB\u00a0Base de recherche documentaire du CDI \u00a0 Orientation La voie professionnelle, une voie vers l&rsquo;excellence Pour tout savoir sur le DNB et l&rsquo;ann\u00e9e de seconde \u00a0<\/p>\n","protected":false},"author":2,"featured_media":0,"parent":0,"menu_order":3,"comment_status":"closed","ping_status":"open","template":"","meta":{"footnotes":""},"class_list":["post-177","page","type-page","status-publish","hentry"],"_links":{"self":[{"href":"https:\/\/college-stjoseph-plf.org\/index.php?rest_route=\/wp\/v2\/pages\/177","targetHints":{"allow":["GET"]}}],"collection":[{"href":"https:\/\/college-stjoseph-plf.org\/index.php?rest_route=\/wp\/v2\/pages"}],"about":[{"href":"https:\/\/college-stjoseph-plf.org\/index.php?rest_route=\/wp\/v2\/types\/page"}],"author":[{"embeddable":true,"href":"https:\/\/college-stjoseph-plf.org\/index.php?rest_route=\/wp\/v2\/users\/2"}],"replies":[{"embeddable":true,"href":"https:\/\/college-stjoseph-plf.org\/index.php?rest_route=%2Fwp%2Fv2%2Fcomments&post=177"}],"version-history":[{"count":64,"href":"https:\/\/college-stjoseph-plf.org\/index.php?rest_route=\/wp\/v2\/pages\/177\/revisions"}],"predecessor-version":[{"id":2850,"href":"https:\/\/college-stjoseph-plf.org\/index.php?rest_route=\/wp\/v2\/pages\/177\/revisions\/2850"}],"wp:attachment":[{"href":"https:\/\/college-stjoseph-plf.org\/index.php?rest_route=%2Fwp%2Fv2%2Fmedia&parent=177"}],"curies":[{"name":"wp","href":"https:\/\/api.w.org\/{rel}","templated":true}]}}